{"id":446,"date":"2025-01-10T08:21:33","date_gmt":"2025-01-10T08:21:33","guid":{"rendered":"https:\/\/vanduijnhoven.vormfactor.com\/?page_id=446"},"modified":"2025-01-10T10:21:05","modified_gmt":"2025-01-10T10:21:05","slug":"gestalt","status":"publish","type":"page","link":"https:\/\/vanduijnhoven.vormfactor.com\/en\/gestalt\/","title":{"rendered":"Gestalt"},"content":{"rendered":"<div data-elementor-type=\"wp-page\" data-elementor-id=\"446\" class=\"elementor elementor-446\" data-elementor-post-type=\"page\">\n\t\t\t\t<div class=\"elementor-element elementor-element-3ce7a81 e-con-full e-flex e-con e-parent\" data-id=\"3ce7a81\" data-element_type=\"container\" data-settings=\"{&quot;background_background&quot;:&quot;classic&quot;}\">\n\t\t\t\t<div class=\"elementor-element elementor-element-edd52b6 elementor-widget elementor-widget-image\" data-id=\"edd52b6\" data-element_type=\"widget\" data-widget_type=\"image.default\">\n\t\t\t\t<div class=\"elementor-widget-container\">\n\t\t\t\t\t\t\t\t\t\t\t\t\t\t\t<img fetchpriority=\"high\" decoding=\"async\" width=\"1800\" height=\"45\" src=\"https:\/\/vanduijnhoven.vormfactor.com\/wp-content\/uploads\/2025\/01\/headerlijnboven.png\" class=\"attachment-2048x2048 size-2048x2048 wp-image-71\" alt=\"\" srcset=\"https:\/\/vanduijnhoven.vormfactor.com\/wp-content\/uploads\/2025\/01\/headerlijnboven.png 1800w, https:\/\/vanduijnhoven.vormfactor.com\/wp-content\/uploads\/2025\/01\/headerlijnboven-300x8.png 300w, https:\/\/vanduijnhoven.vormfactor.com\/wp-content\/uploads\/2025\/01\/headerlijnboven-1024x26.png 1024w, https:\/\/vanduijnhoven.vormfactor.com\/wp-content\/uploads\/2025\/01\/headerlijnboven-768x19.png 768w, https:\/\/vanduijnhoven.vormfactor.com\/wp-content\/uploads\/2025\/01\/headerlijnboven-1536x38.png 1536w\" sizes=\"(max-width: 1800px) 100vw, 1800px\" \/>\t\t\t\t\t\t\t\t\t\t\t\t\t\t\t<\/div>\n\t\t\t\t<\/div>\n\t\t\t\t<div class=\"elementor-element elementor-element-f5a7e44 elementor-widget__width-initial elementor-widget elementor-widget-text-editor\" data-id=\"f5a7e44\" data-element_type=\"widget\" data-widget_type=\"text-editor.default\">\n\t\t\t\t<div class=\"elementor-widget-container\">\n\t\t\t\t\t\t\t\t\t<p>&#8220;DICHTER BIJ <b>FREEDOM<\/b>\u00a0VAN HANDELEN&#8221;<\/p>\t\t\t\t\t\t\t\t<\/div>\n\t\t\t\t<\/div>\n\t\t\t\t<div class=\"elementor-element elementor-element-66f9b8f elementor-widget elementor-widget-image\" data-id=\"66f9b8f\" data-element_type=\"widget\" data-widget_type=\"image.default\">\n\t\t\t\t<div class=\"elementor-widget-container\">\n\t\t\t\t\t\t\t\t\t\t\t\t\t\t\t<img decoding=\"async\" width=\"1800\" height=\"45\" src=\"https:\/\/vanduijnhoven.vormfactor.com\/wp-content\/uploads\/2025\/01\/headerlijnonder.png\" class=\"attachment-2048x2048 size-2048x2048 wp-image-72\" alt=\"\" srcset=\"https:\/\/vanduijnhoven.vormfactor.com\/wp-content\/uploads\/2025\/01\/headerlijnonder.png 1800w, https:\/\/vanduijnhoven.vormfactor.com\/wp-content\/uploads\/2025\/01\/headerlijnonder-300x8.png 300w, https:\/\/vanduijnhoven.vormfactor.com\/wp-content\/uploads\/2025\/01\/headerlijnonder-1024x26.png 1024w, https:\/\/vanduijnhoven.vormfactor.com\/wp-content\/uploads\/2025\/01\/headerlijnonder-768x19.png 768w, https:\/\/vanduijnhoven.vormfactor.com\/wp-content\/uploads\/2025\/01\/headerlijnonder-1536x38.png 1536w\" sizes=\"(max-width: 1800px) 100vw, 1800px\" \/>\t\t\t\t\t\t\t\t\t\t\t\t\t\t\t<\/div>\n\t\t\t\t<\/div>\n\t\t\t\t<\/div>\n\t\t<div class=\"elementor-element elementor-element-1a08852 e-flex e-con-boxed e-con e-parent\" data-id=\"1a08852\" data-element_type=\"container\">\n\t\t\t\t\t<div class=\"e-con-inner\">\n\t\t<div class=\"elementor-element elementor-element-4b29577 e-con-full e-flex e-con e-child\" data-id=\"4b29577\" data-element_type=\"container\">\n\t\t\t\t<div class=\"elementor-element elementor-element-9e19779 elementor-widget elementor-widget-heading\" data-id=\"9e19779\" data-element_type=\"widget\" data-widget_type=\"heading.default\">\n\t\t\t\t<div class=\"elementor-widget-container\">\n\t\t\t\t\t<h2 class=\"elementor-heading-title elementor-size-default\">GESTALT THERAPY<\/h2>\t\t\t\t<\/div>\n\t\t\t\t<\/div>\n\t\t\t\t<div class=\"elementor-element elementor-element-833b80a elementor-widget elementor-widget-text-editor\" data-id=\"833b80a\" data-element_type=\"widget\" data-widget_type=\"text-editor.default\">\n\t\t\t\t<div class=\"elementor-widget-container\">\n\t\t\t\t\t\t\t\t\t<p>In short, Gestalt therapy is about contact and awareness. Awareness is often referred to as Mindfulness these days. We accumulate our bumps in life through contact with others or by the lack of contact with others. Gestalt therapy focuses on becoming aware of the process of making, avoiding, and breaking contact. This is why Gestalt therapy is also known as the psychotherapy of contact. The \"how\" takes precedence over the \"what\" or \"why\" (the content). Our body is an important guide in this. Only when I become aware of my hand balling into a fist can I explore what that means for me. It\u2019s not about what is right or wrong, because who should determine that? It\u2019s about how I experience it, in the here and now. And in the here and now, unfinished matters from the past can come to the foreground. Yes, often from our childhood, but also from last year or even yesterday. And in the here and now, I can talk about it, experiment with it, fantasize about it, and once again experience how it feels for me.<\/p><p><span style=\"color: var( --e-global-color-text ); text-align: var(--text-align);\">Gestalt therapy is an experiential therapy. From experience and awareness, the possibility opens up to make different choices. And again, to experiment with those choices, starting in the safe environment of the therapy room, in order to become experientially self-aware.<\/span><\/p><p><span style=\"color: var( --e-global-color-text ); text-align: var(--text-align);\">Gestalt therapy is also a relational therapy. The contact between the client and therapist, in the here and now, is essential. There is an interaction, a dialogue, where the client is, of course, at the center. The therapist may, when necessary, bring in awareness or share experiences.<\/span><\/p><p><span style=\"color: var( --e-global-color-text ); text-align: var(--text-align);\">We cannot be isolated from our context, even though we may sometimes wish to be. Pausing to reflect on how I relate to others, to situations, and experiencing how it feels for me\u2014with the temporary help of a Gestalt therapist\u2014naturally brings me into motion; inward and outward. And the direction and speed are determined by me.\u00a0<\/span><span style=\"color: var( --e-global-color-text ); text-align: var(--text-align);\">Support, herkenning en erkenning zijn voor mij de pijlers van de therapie.\u00a0<\/span><span style=\"color: var( --e-global-color-text ); text-align: var(--text-align);\">It takes courage to be able to change.<\/span><\/p>\t\t\t\t\t\t\t\t<\/div>\n\t\t\t\t<\/div>\n\t\t\t\t<\/div>\n\t\t<div class=\"elementor-element elementor-element-73032ed e-con-full e-flex e-con e-child\" data-id=\"73032ed\" data-element_type=\"container\">\n\t\t\t\t<div class=\"elementor-element elementor-element-e9dd723 elementor-widget elementor-widget-video\" data-id=\"e9dd723\" data-element_type=\"widget\" data-settings=\"{&quot;youtube_url&quot;:&quot;https:\\\/\\\/www.youtube.com\\\/watch?v=BcueUr7dtos&quot;,&quot;video_type&quot;:&quot;youtube&quot;,&quot;controls&quot;:&quot;yes&quot;}\" data-widget_type=\"video.default\">\n\t\t\t\t<div class=\"elementor-widget-container\">\n\t\t\t\t\t\t\t<div class=\"elementor-wrapper elementor-open-inline\">\n\t\t\t<div class=\"elementor-video\"><\/div>\t\t<\/div>\n\t\t\t\t\t\t<\/div>\n\t\t\t\t<\/div>\n\t\t\t\t<\/div>\n\t\t\t\t\t<\/div>\n\t\t\t\t<\/div>\n\t\t<div class=\"elementor-element elementor-element-32bfb14 e-flex e-con-boxed e-con e-parent\" data-id=\"32bfb14\" data-element_type=\"container\">\n\t\t\t\t\t<div class=\"e-con-inner\">\n\t\t\t\t<div class=\"elementor-element elementor-element-a0f40a5 elementor-widget elementor-widget-heading\" data-id=\"a0f40a5\" data-element_type=\"widget\" data-widget_type=\"heading.default\">\n\t\t\t\t<div class=\"elementor-widget-container\">\n\t\t\t\t\t<h2 class=\"elementor-heading-title elementor-size-default\">MY PRACTICE<\/h2>\t\t\t\t<\/div>\n\t\t\t\t<\/div>\n\t\t\t\t<div class=\"elementor-element elementor-element-49b6e7b elementor-widget elementor-widget-text-editor\" data-id=\"49b6e7b\" data-element_type=\"widget\" data-widget_type=\"text-editor.default\">\n\t\t\t\t<div class=\"elementor-widget-container\">\n\t\t\t\t\t\t\t\t\t<p><span style=\"color: var( --e-global-color-text ); text-align: var(--text-align);\"><b>Individuele therapie<\/b><\/span><\/p><p><span style=\"color: var( --e-global-color-text ); text-align: var(--text-align);\">Zit je niet lekker in je vel, voel je je onzeker, weet je niet wat je wil, protesteert je lichaam? Allemaal misschien herkenbare zaken die je behoorlijk in de wielen kunt rijden. In een overzichtelijke setting, een op een, heb je de ruimte om te vertellen, stil te staan bij wat je voelt, te exploreren, te experimenteren en je voor te bereiden je nieuwe ervaringen mee te nemen naar &#8216;de buitenwereld&#8217;.\u00a0<\/span><\/p><p><span style=\"color: var( --e-global-color-text ); text-align: var(--text-align);\"><b>Relatietherapie\u00a0<\/b><\/span><\/p><p><span style=\"color: var( --e-global-color-text ); text-align: var(--text-align);\">Wanneer het spaak loopt\u00a0 in een relatie (wat voor relatie dan ook) kun je drie dingen doen; aanmodderen, opbreken of onderzoeken. In de sessie ligt de focus op elkaar opnieuw leren verstaan, het uitspreken van je verlangens en het op waarde leren schatten van de verschillen&#8230;. Relatietherapie is geen garantie voor het oplossen van het conflict, wel voor de waarachtigheid van het contact. Relatietherapie is er voor stellen, maar ook voor zussen, broers, broer &#8211; zus, moeder &#8211; dochter etc. Relatietherapie doe ik samen met mijn collega Madeleine Maurick (Gestaltpraktijk Amsterdam).<\/span><\/p><p><span style=\"color: var( --e-global-color-text ); text-align: var(--text-align);\"><b>Leren in een groep<\/b><\/span><\/p><p><span style=\"color: var( --e-global-color-text ); text-align: var(--text-align);\">Een groep is een samenleving in het klein. Alles is aanwezig: saamhorigheid, humor, confrontatie, teleurstelling, vreugde etc. Er zijn mensen die je mag en mensen waar je misschien moeite mee hebt. Vind je het moeilijk om bijvoorbeeld aandacht te vragen, dan kom je dat ook tegen in een groep. Je ervaart direct wat het met je doet en wat je\u00a0 wel of niet kan doen. Je leert aan en met elkaar. Een directe maar ook relatief veilige werkomgeving. Een groep bezit een grotere wijsheid dan de facilitator alleen.\u00a0<\/span><\/p><p><span style=\"color: var( --e-global-color-text ); text-align: var(--text-align);\"><b>Leren in een organisatie\u00a0<\/b><\/span><\/p><p>Een organisatie blijft, hoe je het ook wendt of keert, mensenwerk. Een belangrijke pijler in een organisatie is dan ook het contact. Contact gaat veder dan communicatie alleen. Contact gaat over respect, over gunnen, over durven, over de overeenkomst en het verschil. En daar gaat het ook vaak mis; tussen afdelingen, tussen de top en de vloer tussen management en specialisten, tussen de antilopen en de slakken etc.\u00a0<\/p><p>Wanneer we het daar met elkaar over kunnen hebben, komt er energie in de organisatie. Mensen horen nu eenmaal graag bij een organisatie waar ze ertoe doen. Themabijeenkomsten<\/p><p>Veel mensen hebben een terugkerend thema in hun leven: relatie, geld, angst, moeder-dochter-relatie, schaamte etc. Dan kan je behoorlijk bezighouden. Niet voor niks zijn er veel schrijvers die hun hele schrijf carri\u00e8re ge\u00efnspireerd worden door \u00e9\u00e9n terugkerend thema.\u00a0<\/p><p>Aan de hand van oefeningen en uitwisseling onderzoeken we je overtuigingen en verlangens. Misschien kunnen er zaken afgerond worden, wat weer ruimte cre\u00ebert voor iets nieuws.\u00a0<span style=\"color: var( --e-global-color-text ); text-align: var(--text-align);\">&#8216;Alles wat aandacht krijgt, groeit.&#8217;<\/span><\/p><p><span style=\"color: var( --e-global-color-text ); text-align: var(--text-align);\">Ik ben aangesloten bij beroepsvereniging NVAGT en EAGT<\/span><\/p><ul><li><a href=\"https:\/\/www.nsg-academy.com\/\">www.nsgestalt.nl<\/a><\/li><li><a href=\"https:\/\/www.boltbewustzijnsontwikkeling.nl\/\">www.gestaltschoolbolt.nl<\/a><\/li><li><a href=\"https:\/\/www.nvagt-gestalt.org\/\">www.nvagt-gestalt.org<\/a><\/li><li><a href=\"https:\/\/eagt.org\/home\/\">www.eagt.org<\/a><\/li><li><a href=\"http:\/\/www.gestalt.org\/\">www.gestalt.org<\/a><\/li><li><a href=\"https:\/\/startgoogle.startpagina.nl\/?ts=ts1T&amp;origin=themes&amp;query=gestalt\">www.gestalt.startpagina.nl<\/a><\/li><li><a href=\"https:\/\/therapeutvinden.com\/\">therapeutvinden.datzitzo.com<\/a><\/li><li><a href=\"https:\/\/gestaltpraktijkamsterdam.nl\/\">www.gestaltpraktijkamsterdam.nl<\/a><\/li><\/ul>\t\t\t\t\t\t\t\t<\/div>\n\t\t\t\t<\/div>\n\t\t\t\t\t<\/div>\n\t\t\t\t<\/div>\n\t\t<div class=\"elementor-element elementor-element-04d642b e-con-full e-flex e-con e-parent\" data-id=\"04d642b\" data-element_type=\"container\" data-settings=\"{&quot;background_background&quot;:&quot;classic&quot;}\">\n\t\t\t\t<div class=\"elementor-element elementor-element-d5049ac elementor-widget elementor-widget-image\" data-id=\"d5049ac\" data-element_type=\"widget\" data-widget_type=\"image.default\">\n\t\t\t\t<div class=\"elementor-widget-container\">\n\t\t\t\t\t\t\t\t\t\t\t\t\t\t\t<img fetchpriority=\"high\" decoding=\"async\" width=\"1800\" height=\"45\" src=\"https:\/\/vanduijnhoven.vormfactor.com\/wp-content\/uploads\/2025\/01\/headerlijnboven.png\" class=\"attachment-2048x2048 size-2048x2048 wp-image-71\" alt=\"\" srcset=\"https:\/\/vanduijnhoven.vormfactor.com\/wp-content\/uploads\/2025\/01\/headerlijnboven.png 1800w, https:\/\/vanduijnhoven.vormfactor.com\/wp-content\/uploads\/2025\/01\/headerlijnboven-300x8.png 300w, https:\/\/vanduijnhoven.vormfactor.com\/wp-content\/uploads\/2025\/01\/headerlijnboven-1024x26.png 1024w, https:\/\/vanduijnhoven.vormfactor.com\/wp-content\/uploads\/2025\/01\/headerlijnboven-768x19.png 768w, https:\/\/vanduijnhoven.vormfactor.com\/wp-content\/uploads\/2025\/01\/headerlijnboven-1536x38.png 1536w\" sizes=\"(max-width: 1800px) 100vw, 1800px\" \/>\t\t\t\t\t\t\t\t\t\t\t\t\t\t\t<\/div>\n\t\t\t\t<\/div>\n\t\t\t\t<div class=\"elementor-element elementor-element-b22c94c elementor-widget elementor-widget-text-editor\" data-id=\"b22c94c\" data-element_type=\"widget\" data-widget_type=\"text-editor.default\">\n\t\t\t\t<div class=\"elementor-widget-container\">\n\t\t\t\t\t\t\t\t\t<p>&#8220;<b>WHAT <\/b>MOVES ME AND SOMETHING <b>MOVES <\/b>THE OTHER\u201d<\/p>\t\t\t\t\t\t\t\t<\/div>\n\t\t\t\t<\/div>\n\t\t\t\t<div class=\"elementor-element elementor-element-7e97843 elementor-widget elementor-widget-image\" data-id=\"7e97843\" data-element_type=\"widget\" data-widget_type=\"image.default\">\n\t\t\t\t<div class=\"elementor-widget-container\">\n\t\t\t\t\t\t\t\t\t\t\t\t\t\t\t<img decoding=\"async\" width=\"1800\" height=\"45\" src=\"https:\/\/vanduijnhoven.vormfactor.com\/wp-content\/uploads\/2025\/01\/headerlijnonder.png\" class=\"attachment-2048x2048 size-2048x2048 wp-image-72\" alt=\"\" srcset=\"https:\/\/vanduijnhoven.vormfactor.com\/wp-content\/uploads\/2025\/01\/headerlijnonder.png 1800w, https:\/\/vanduijnhoven.vormfactor.com\/wp-content\/uploads\/2025\/01\/headerlijnonder-300x8.png 300w, https:\/\/vanduijnhoven.vormfactor.com\/wp-content\/uploads\/2025\/01\/headerlijnonder-1024x26.png 1024w, https:\/\/vanduijnhoven.vormfactor.com\/wp-content\/uploads\/2025\/01\/headerlijnonder-768x19.png 768w, https:\/\/vanduijnhoven.vormfactor.com\/wp-content\/uploads\/2025\/01\/headerlijnonder-1536x38.png 1536w\" sizes=\"(max-width: 1800px) 100vw, 1800px\" \/>\t\t\t\t\t\t\t\t\t\t\t\t\t\t\t<\/div>\n\t\t\t\t<\/div>\n\t\t\t\t<\/div>\n\t\t\t\t<\/div>","protected":false},"excerpt":{"rendered":"<p>&#8220;DICHTER BIJ VRIJHEID\u00a0VAN HANDELEN&#8221; GESTALTTHERAPIE Kort gezegd gaat Gestalttherapie over contact en gewaarzijn. Gewaarzijn wordt tegenwoordig ook wel Mindfulness genoemd. We lopen onze butsen in het leven op in contact met anderen of door het ontbreken van contact met anderen. Gestalttherapie is gericht op het gewaarworden van dit proces van contact maken, vermijden en verbreken. [&hellip;]<\/p>","protected":false},"author":2,"featured_media":0,"parent":0,"menu_order":0,"comment_status":"closed","ping_status":"closed","template":"","meta":{"footnotes":""},"class_list":["post-446","page","type-page","status-publish","hentry"],"_links":{"self":[{"href":"https:\/\/vanduijnhoven.vormfactor.com\/en\/wp-json\/wp\/v2\/pages\/446","targetHints":{"allow":["GET"]}}],"collection":[{"href":"https:\/\/vanduijnhoven.vormfactor.com\/en\/wp-json\/wp\/v2\/pages"}],"about":[{"href":"https:\/\/vanduijnhoven.vormfactor.com\/en\/wp-json\/wp\/v2\/types\/page"}],"author":[{"embeddable":true,"href":"https:\/\/vanduijnhoven.vormfactor.com\/en\/wp-json\/wp\/v2\/users\/2"}],"replies":[{"embeddable":true,"href":"https:\/\/vanduijnhoven.vormfactor.com\/en\/wp-json\/wp\/v2\/comments?post=446"}],"version-history":[{"count":16,"href":"https:\/\/vanduijnhoven.vormfactor.com\/en\/wp-json\/wp\/v2\/pages\/446\/revisions"}],"predecessor-version":[{"id":554,"href":"https:\/\/vanduijnhoven.vormfactor.com\/en\/wp-json\/wp\/v2\/pages\/446\/revisions\/554"}],"wp:attachment":[{"href":"https:\/\/vanduijnhoven.vormfactor.com\/en\/wp-json\/wp\/v2\/media?parent=446"}],"curies":[{"name":"wp","href":"https:\/\/api.w.org\/{rel}","templated":true}]}}