{"id":47,"date":"2025-01-03T10:23:33","date_gmt":"2025-01-03T10:23:33","guid":{"rendered":"https:\/\/vanduijnhoven.vormfactor.com\/?page_id=47"},"modified":"2025-01-10T10:27:13","modified_gmt":"2025-01-10T10:27:13","slug":"mijn-praktijk-3","status":"publish","type":"page","link":"https:\/\/vanduijnhoven.vormfactor.com\/en\/mijn-praktijk-3\/","title":{"rendered":"Mijn praktijk &#8211; Gestalt"},"content":{"rendered":"<div data-elementor-type=\"wp-page\" data-elementor-id=\"47\" class=\"elementor elementor-47\" data-elementor-post-type=\"page\">\n\t\t\t\t<div class=\"elementor-element elementor-element-bac8658 e-con-full e-flex e-con e-parent\" data-id=\"bac8658\" data-element_type=\"container\" data-settings=\"{&quot;background_background&quot;:&quot;classic&quot;}\">\n\t\t\t\t<div class=\"elementor-element elementor-element-5314808 elementor-widget elementor-widget-image\" data-id=\"5314808\" data-element_type=\"widget\" data-widget_type=\"image.default\">\n\t\t\t\t<div class=\"elementor-widget-container\">\n\t\t\t\t\t\t\t\t\t\t\t\t\t\t\t<img fetchpriority=\"high\" decoding=\"async\" width=\"1800\" height=\"45\" src=\"https:\/\/vanduijnhoven.vormfactor.com\/wp-content\/uploads\/2025\/01\/headerlijnboven.png\" class=\"attachment-2048x2048 size-2048x2048 wp-image-71\" alt=\"\" srcset=\"https:\/\/vanduijnhoven.vormfactor.com\/wp-content\/uploads\/2025\/01\/headerlijnboven.png 1800w, https:\/\/vanduijnhoven.vormfactor.com\/wp-content\/uploads\/2025\/01\/headerlijnboven-300x8.png 300w, https:\/\/vanduijnhoven.vormfactor.com\/wp-content\/uploads\/2025\/01\/headerlijnboven-1024x26.png 1024w, https:\/\/vanduijnhoven.vormfactor.com\/wp-content\/uploads\/2025\/01\/headerlijnboven-768x19.png 768w, https:\/\/vanduijnhoven.vormfactor.com\/wp-content\/uploads\/2025\/01\/headerlijnboven-1536x38.png 1536w\" sizes=\"(max-width: 1800px) 100vw, 1800px\" \/>\t\t\t\t\t\t\t\t\t\t\t\t\t\t\t<\/div>\n\t\t\t\t<\/div>\n\t\t\t\t<div class=\"elementor-element elementor-element-036097d elementor-widget__width-initial elementor-widget elementor-widget-text-editor\" data-id=\"036097d\" data-element_type=\"widget\" data-widget_type=\"text-editor.default\">\n\t\t\t\t<div class=\"elementor-widget-container\">\n\t\t\t\t\t\t\t\t\t<p>&#8220;DICHTER BIJ <b>FREEDOM <\/b>VAN HANDELEN&#8221;<\/p>\t\t\t\t\t\t\t\t<\/div>\n\t\t\t\t<\/div>\n\t\t\t\t<div class=\"elementor-element elementor-element-703f384 elementor-widget elementor-widget-image\" data-id=\"703f384\" data-element_type=\"widget\" data-widget_type=\"image.default\">\n\t\t\t\t<div class=\"elementor-widget-container\">\n\t\t\t\t\t\t\t\t\t\t\t\t\t\t\t<img decoding=\"async\" width=\"1800\" height=\"45\" src=\"https:\/\/vanduijnhoven.vormfactor.com\/wp-content\/uploads\/2025\/01\/headerlijnonder.png\" class=\"attachment-2048x2048 size-2048x2048 wp-image-72\" alt=\"\" srcset=\"https:\/\/vanduijnhoven.vormfactor.com\/wp-content\/uploads\/2025\/01\/headerlijnonder.png 1800w, https:\/\/vanduijnhoven.vormfactor.com\/wp-content\/uploads\/2025\/01\/headerlijnonder-300x8.png 300w, https:\/\/vanduijnhoven.vormfactor.com\/wp-content\/uploads\/2025\/01\/headerlijnonder-1024x26.png 1024w, https:\/\/vanduijnhoven.vormfactor.com\/wp-content\/uploads\/2025\/01\/headerlijnonder-768x19.png 768w, https:\/\/vanduijnhoven.vormfactor.com\/wp-content\/uploads\/2025\/01\/headerlijnonder-1536x38.png 1536w\" sizes=\"(max-width: 1800px) 100vw, 1800px\" \/>\t\t\t\t\t\t\t\t\t\t\t\t\t\t\t<\/div>\n\t\t\t\t<\/div>\n\t\t\t\t<\/div>\n\t\t<div class=\"elementor-element elementor-element-07c60da e-flex e-con-boxed e-con e-parent\" data-id=\"07c60da\" data-element_type=\"container\">\n\t\t\t\t\t<div class=\"e-con-inner\">\n\t\t\t\t<div class=\"elementor-element elementor-element-ca7630d elementor-widget elementor-widget-heading\" data-id=\"ca7630d\" data-element_type=\"widget\" data-widget_type=\"heading.default\">\n\t\t\t\t<div class=\"elementor-widget-container\">\n\t\t\t\t\t<h2 class=\"elementor-heading-title elementor-size-default\">MY PRACTICE<\/h2>\t\t\t\t<\/div>\n\t\t\t\t<\/div>\n\t\t\t\t<div class=\"elementor-element elementor-element-6d2f094 elementor-widget elementor-widget-text-editor\" data-id=\"6d2f094\" data-element_type=\"widget\" data-widget_type=\"text-editor.default\">\n\t\t\t\t<div class=\"elementor-widget-container\">\n\t\t\t\t\t\t\t\t\t<p><span style=\"color: var( --e-global-color-text ); text-align: var(--text-align);\"><b>Individuele therapie<\/b><\/span><\/p><p><span style=\"color: var( --e-global-color-text ); text-align: var(--text-align);\">Zit je niet lekker in je vel, voel je je onzeker, weet je niet wat je wil, protesteert je lichaam? Allemaal misschien herkenbare zaken die je behoorlijk in de wielen kunt rijden. In een overzichtelijke setting, een op een, heb je de ruimte om te vertellen, stil te staan bij wat je voelt, te exploreren, te experimenteren en je voor te bereiden je nieuwe ervaringen mee te nemen naar &#8216;de buitenwereld&#8217;.\u00a0<\/span><\/p><p><span style=\"color: var( --e-global-color-text ); text-align: var(--text-align);\"><b>Relatietherapie\u00a0<\/b><\/span><\/p><p><span style=\"color: var( --e-global-color-text ); text-align: var(--text-align);\">Wanneer het spaak loopt\u00a0 in een relatie (wat voor relatie dan ook) kun je drie dingen doen; aanmodderen, opbreken of onderzoeken. In de sessie ligt de focus op elkaar opnieuw leren verstaan, het uitspreken van je verlangens en het op waarde leren schatten van de verschillen&#8230;. Relatietherapie is geen garantie voor het oplossen van het conflict, wel voor de waarachtigheid van het contact. Relatietherapie is er voor stellen, maar ook voor zussen, broers, broer &#8211; zus, moeder &#8211; dochter etc. Relatietherapie doe ik samen met mijn collega Madeleine Maurick (Gestaltpraktijk Amsterdam).<\/span><\/p><p><span style=\"color: var( --e-global-color-text ); text-align: var(--text-align);\"><b>Leren in een groep<\/b><\/span><\/p><p><span style=\"color: var( --e-global-color-text ); text-align: var(--text-align);\">Een groep is een samenleving in het klein. Alles is aanwezig: saamhorigheid, humor, confrontatie, teleurstelling, vreugde etc. Er zijn mensen die je mag en mensen waar je misschien moeite mee hebt. Vind je het moeilijk om bijvoorbeeld aandacht te vragen, dan kom je dat ook tegen in een groep. Je ervaart direct wat het met je doet en wat je\u00a0 wel of niet kan doen. Je leert aan en met elkaar. Een directe maar ook relatief veilige werkomgeving. Een groep bezit een grotere wijsheid dan de facilitator alleen.\u00a0<\/span><\/p><p><span style=\"color: var( --e-global-color-text ); text-align: var(--text-align);\"><b>Leren in een organisatie\u00a0<\/b><\/span><\/p><p>Een organisatie blijft, hoe je het ook wendt of keert, mensenwerk. Een belangrijke pijler in een organisatie is dan ook het contact. Contact gaat veder dan communicatie alleen. Contact gaat over respect, over gunnen, over durven, over de overeenkomst en het verschil. En daar gaat het ook vaak mis; tussen afdelingen, tussen de top en de vloer tussen management en specialisten, tussen de antilopen en de slakken etc.\u00a0<\/p><p>Wanneer we het daar met elkaar over kunnen hebben, komt er energie in de organisatie. Mensen horen nu eenmaal graag bij een organisatie waar ze ertoe doen. Themabijeenkomsten<\/p><p>Veel mensen hebben een terugkerend thema in hun leven: relatie, geld, angst, moeder-dochter-relatie, schaamte etc. Dan kan je behoorlijk bezighouden. Niet voor niks zijn er veel schrijvers die hun hele schrijf carri\u00e8re ge\u00efnspireerd worden door \u00e9\u00e9n terugkerend thema.\u00a0<\/p><p>Aan de hand van oefeningen en uitwisseling onderzoeken we je overtuigingen en verlangens. Misschien kunnen er zaken afgerond worden, wat weer ruimte cre\u00ebert voor iets nieuws.\u00a0<span style=\"color: var( --e-global-color-text ); text-align: var(--text-align);\">&#8216;Alles wat aandacht krijgt, groeit.&#8217;<\/span><\/p><p><span style=\"color: var( --e-global-color-text ); text-align: var(--text-align);\">Ik ben aangesloten bij beroepsvereniging NVAGT en EAGT<\/span><\/p><ul><li><a href=\"https:\/\/www.nsg-academy.com\/\">www.nsgestalt.nl<\/a><\/li><li><a href=\"https:\/\/www.boltbewustzijnsontwikkeling.nl\/\">www.gestaltschoolbolt.nl<\/a><\/li><li><a href=\"https:\/\/www.nvagt-gestalt.org\/\">www.nvagt-gestalt.org<\/a><\/li><li><a href=\"https:\/\/eagt.org\/home\/\">www.eagt.org<\/a><\/li><li><a href=\"http:\/\/www.gestalt.org\/\">www.gestalt.org<\/a><\/li><li><a href=\"https:\/\/startgoogle.startpagina.nl\/?ts=ts1T&amp;origin=themes&amp;query=gestalt\">www.gestalt.startpagina.nl<\/a><\/li><li><a href=\"https:\/\/therapeutvinden.com\/\">therapeutvinden.datzitzo.com<\/a><\/li><li><a href=\"https:\/\/gestaltpraktijkamsterdam.nl\/\">www.gestaltpraktijkamsterdam.nl<\/a><\/li><\/ul>\t\t\t\t\t\t\t\t<\/div>\n\t\t\t\t<\/div>\n\t\t\t\t\t<\/div>\n\t\t\t\t<\/div>\n\t\t<div class=\"elementor-element elementor-element-725d70f e-con-full e-flex e-con e-parent\" data-id=\"725d70f\" data-element_type=\"container\" data-settings=\"{&quot;background_background&quot;:&quot;classic&quot;}\">\n\t\t\t\t<div class=\"elementor-element elementor-element-709658c elementor-widget elementor-widget-image\" data-id=\"709658c\" data-element_type=\"widget\" data-widget_type=\"image.default\">\n\t\t\t\t<div class=\"elementor-widget-container\">\n\t\t\t\t\t\t\t\t\t\t\t\t\t\t\t<img fetchpriority=\"high\" decoding=\"async\" width=\"1800\" height=\"45\" src=\"https:\/\/vanduijnhoven.vormfactor.com\/wp-content\/uploads\/2025\/01\/headerlijnboven.png\" class=\"attachment-2048x2048 size-2048x2048 wp-image-71\" alt=\"\" srcset=\"https:\/\/vanduijnhoven.vormfactor.com\/wp-content\/uploads\/2025\/01\/headerlijnboven.png 1800w, https:\/\/vanduijnhoven.vormfactor.com\/wp-content\/uploads\/2025\/01\/headerlijnboven-300x8.png 300w, https:\/\/vanduijnhoven.vormfactor.com\/wp-content\/uploads\/2025\/01\/headerlijnboven-1024x26.png 1024w, https:\/\/vanduijnhoven.vormfactor.com\/wp-content\/uploads\/2025\/01\/headerlijnboven-768x19.png 768w, https:\/\/vanduijnhoven.vormfactor.com\/wp-content\/uploads\/2025\/01\/headerlijnboven-1536x38.png 1536w\" sizes=\"(max-width: 1800px) 100vw, 1800px\" \/>\t\t\t\t\t\t\t\t\t\t\t\t\t\t\t<\/div>\n\t\t\t\t<\/div>\n\t\t\t\t<div class=\"elementor-element elementor-element-6d786cd elementor-widget elementor-widget-text-editor\" data-id=\"6d786cd\" data-element_type=\"widget\" data-widget_type=\"text-editor.default\">\n\t\t\t\t<div class=\"elementor-widget-container\">\n\t\t\t\t\t\t\t\t\t<p>&#8220;<b>WHAT <\/b>MOVES ME AND SOMETHING <b>MOVES <\/b>THE OTHER\u201d<\/p>\t\t\t\t\t\t\t\t<\/div>\n\t\t\t\t<\/div>\n\t\t\t\t<div class=\"elementor-element elementor-element-f0132bd elementor-widget elementor-widget-image\" data-id=\"f0132bd\" data-element_type=\"widget\" data-widget_type=\"image.default\">\n\t\t\t\t<div class=\"elementor-widget-container\">\n\t\t\t\t\t\t\t\t\t\t\t\t\t\t\t<img decoding=\"async\" width=\"1800\" height=\"45\" src=\"https:\/\/vanduijnhoven.vormfactor.com\/wp-content\/uploads\/2025\/01\/headerlijnonder.png\" class=\"attachment-2048x2048 size-2048x2048 wp-image-72\" alt=\"\" srcset=\"https:\/\/vanduijnhoven.vormfactor.com\/wp-content\/uploads\/2025\/01\/headerlijnonder.png 1800w, https:\/\/vanduijnhoven.vormfactor.com\/wp-content\/uploads\/2025\/01\/headerlijnonder-300x8.png 300w, https:\/\/vanduijnhoven.vormfactor.com\/wp-content\/uploads\/2025\/01\/headerlijnonder-1024x26.png 1024w, https:\/\/vanduijnhoven.vormfactor.com\/wp-content\/uploads\/2025\/01\/headerlijnonder-768x19.png 768w, https:\/\/vanduijnhoven.vormfactor.com\/wp-content\/uploads\/2025\/01\/headerlijnonder-1536x38.png 1536w\" sizes=\"(max-width: 1800px) 100vw, 1800px\" \/>\t\t\t\t\t\t\t\t\t\t\t\t\t\t\t<\/div>\n\t\t\t\t<\/div>\n\t\t\t\t<\/div>\n\t\t\t\t<\/div>","protected":false},"excerpt":{"rendered":"<p>&#8220;DICHTER BIJ VRIJHEID VAN HANDELEN&#8221; MIJN PRAKTIJK Individuele therapie Zit je niet lekker in je vel, voel je je onzeker, weet je niet wat je wil, protesteert je lichaam? Allemaal misschien herkenbare zaken die je behoorlijk in de wielen kunt rijden. In een overzichtelijke setting, een op een, heb je de ruimte om te vertellen, [&hellip;]<\/p>","protected":false},"author":2,"featured_media":0,"parent":0,"menu_order":0,"comment_status":"closed","ping_status":"closed","template":"","meta":{"footnotes":""},"class_list":["post-47","page","type-page","status-publish","hentry"],"_links":{"self":[{"href":"https:\/\/vanduijnhoven.vormfactor.com\/en\/wp-json\/wp\/v2\/pages\/47","targetHints":{"allow":["GET"]}}],"collection":[{"href":"https:\/\/vanduijnhoven.vormfactor.com\/en\/wp-json\/wp\/v2\/pages"}],"about":[{"href":"https:\/\/vanduijnhoven.vormfactor.com\/en\/wp-json\/wp\/v2\/types\/page"}],"author":[{"embeddable":true,"href":"https:\/\/vanduijnhoven.vormfactor.com\/en\/wp-json\/wp\/v2\/users\/2"}],"replies":[{"embeddable":true,"href":"https:\/\/vanduijnhoven.vormfactor.com\/en\/wp-json\/wp\/v2\/comments?post=47"}],"version-history":[{"count":5,"href":"https:\/\/vanduijnhoven.vormfactor.com\/en\/wp-json\/wp\/v2\/pages\/47\/revisions"}],"predecessor-version":[{"id":575,"href":"https:\/\/vanduijnhoven.vormfactor.com\/en\/wp-json\/wp\/v2\/pages\/47\/revisions\/575"}],"wp:attachment":[{"href":"https:\/\/vanduijnhoven.vormfactor.com\/en\/wp-json\/wp\/v2\/media?parent=47"}],"curies":[{"name":"wp","href":"https:\/\/api.w.org\/{rel}","templated":true}]}}